{"id":464,"date":"2023-06-26T13:50:15","date_gmt":"2023-06-26T13:50:15","guid":{"rendered":"https:\/\/guestapp.apartments-hinundweg.at\/bread-service\/"},"modified":"2026-02-04T13:18:01","modified_gmt":"2026-02-04T13:18:01","slug":"bread-service","status":"publish","type":"page","link":"https:\/\/guestapp.apartments-hinundweg.at\/en\/bread-service\/","title":{"rendered":"Bread service"},"content":{"rendered":"\t\t<div data-elementor-type=\"wp-page\" data-elementor-id=\"464\" class=\"elementor elementor-464 elementor-191\">\n\t\t\t\t\t\t\t<div class=\"elementor-element elementor-element-48a9373 e-flex e-con-boxed e-con\" data-id=\"48a9373\" data-element_type=\"container\" data-settings=\"{&quot;content_width&quot;:&quot;boxed&quot;}\">\n\t\t\t\t\t<div class=\"e-con-inner\">\n\t\t\t\t<div class=\"elementor-element elementor-element-861a0f2 elementor-widget elementor-widget-heading\" data-id=\"861a0f2\" data-element_type=\"widget\" data-widget_type=\"heading.default\">\n\t\t\t\t<div class=\"elementor-widget-container\">\n\t\t\t<style>\/*! elementor - v3.14.0 - 18-06-2023 *\/\n.elementor-heading-title{padding:0;margin:0;line-height:1}.elementor-widget-heading .elementor-heading-title[class*=elementor-size-]>a{color:inherit;font-size:inherit;line-height:inherit}.elementor-widget-heading .elementor-heading-title.elementor-size-small{font-size:15px}.elementor-widget-heading .elementor-heading-title.elementor-size-medium{font-size:19px}.elementor-widget-heading .elementor-heading-title.elementor-size-large{font-size:29px}.elementor-widget-heading .elementor-heading-title.elementor-size-xl{font-size:39px}.elementor-widget-heading .elementor-heading-title.elementor-size-xxl{font-size:59px}<\/style><h2 class=\"elementor-heading-title elementor-size-default\">Bread service<\/h2>\t\t<\/div>\n\t\t\t\t<\/div>\n\t\t\t\t<div class=\"elementor-element elementor-element-371b730 link-pink2 elementor-widget elementor-widget-text-editor\" data-id=\"371b730\" data-element_type=\"widget\" data-widget_type=\"text-editor.default\">\n\t\t\t\t<div class=\"elementor-widget-container\">\n\t\t\t<style>\/*! elementor - v3.14.0 - 18-06-2023 *\/\n.elementor-widget-text-editor.elementor-drop-cap-view-stacked .elementor-drop-cap{background-color:#69727d;color:#fff}.elementor-widget-text-editor.elementor-drop-cap-view-framed .elementor-drop-cap{color:#69727d;border:3px solid;background-color:transparent}.elementor-widget-text-editor:not(.elementor-drop-cap-view-default) .elementor-drop-cap{margin-top:8px}.elementor-widget-text-editor:not(.elementor-drop-cap-view-default) .elementor-drop-cap-letter{width:1em;height:1em}.elementor-widget-text-editor .elementor-drop-cap{float:left;text-align:center;line-height:1;font-size:50px}.elementor-widget-text-editor .elementor-drop-cap-letter{display:inline-block}<\/style>\t\t\t\t<p>We are happy to offer our guests a bread roll service. The order must reach us the day before by 16:00 at the latest. Simply fill out the form or send us a short e-mail to <a href=\"mailto:hallo@apartments-hinundweg.at\">hallo@apartments-hinundweg.at<\/a><\/p>\n<p>Here you can find the whole bread list with allergens:<\/p>\n\t\t\t\t\t\t<\/div>\n\t\t\t\t<\/div>\n\t\t\t\t<div class=\"elementor-element elementor-element-1f43a38 elementor-widget elementor-widget-button\" data-id=\"1f43a38\" data-element_type=\"widget\" data-widget_type=\"button.default\">\n\t\t\t\t<div class=\"elementor-widget-container\">\n\t\t\t\t\t<div class=\"elementor-button-wrapper\">\n\t\t\t<a class=\"elementor-button elementor-button-link elementor-size-sm\" href=\"https:\/\/guestapp.apartments-hinundweg.at\/wp-content\/uploads\/2026\/02\/2025-Winter_Brotbestellung-HinWeg.pdf\" target=\"_blank\">\n\t\t\t\t\t\t<span class=\"elementor-button-content-wrapper\">\n\t\t\t\t\t\t<span class=\"elementor-button-text\">Download breadlist<\/span>\n\t\t<\/span>\n\t\t\t\t\t<\/a>\n\t\t<\/div>\n\t\t\t\t<\/div>\n\t\t\t\t<\/div>\n\t\t\t\t<div class=\"elementor-element elementor-element-3545878 uael-wpf-style-underline uael-wpf-input-size-sm uael-wpf-button-left uael-wpf-btn-size-sm uael-wpf-highlight-style-default elementor-widget elementor-widget-uael-wpf-styler\" data-id=\"3545878\" data-element_type=\"widget\" data-settings=\"{&quot;wpf_button_padding&quot;:{&quot;unit&quot;:&quot;px&quot;,&quot;top&quot;:&quot;0&quot;,&quot;right&quot;:&quot;0&quot;,&quot;bottom&quot;:&quot;0&quot;,&quot;left&quot;:&quot;0&quot;,&quot;isLinked&quot;:true},&quot;wpf_input_padding&quot;:{&quot;unit&quot;:&quot;px&quot;,&quot;top&quot;:&quot;&quot;,&quot;right&quot;:&quot;&quot;,&quot;bottom&quot;:&quot;&quot;,&quot;left&quot;:&quot;&quot;,&quot;isLinked&quot;:true},&quot;wpf_input_padding_laptop&quot;:{&quot;unit&quot;:&quot;px&quot;,&quot;top&quot;:&quot;&quot;,&quot;right&quot;:&quot;&quot;,&quot;bottom&quot;:&quot;&quot;,&quot;left&quot;:&quot;&quot;,&quot;isLinked&quot;:true},&quot;wpf_input_padding_tablet_extra&quot;:{&quot;unit&quot;:&quot;px&quot;,&quot;top&quot;:&quot;&quot;,&quot;right&quot;:&quot;&quot;,&quot;bottom&quot;:&quot;&quot;,&quot;left&quot;:&quot;&quot;,&quot;isLinked&quot;:true},&quot;wpf_input_padding_tablet&quot;:{&quot;unit&quot;:&quot;px&quot;,&quot;top&quot;:&quot;&quot;,&quot;right&quot;:&quot;&quot;,&quot;bottom&quot;:&quot;&quot;,&quot;left&quot;:&quot;&quot;,&quot;isLinked&quot;:true},&quot;wpf_input_padding_mobile_extra&quot;:{&quot;unit&quot;:&quot;px&quot;,&quot;top&quot;:&quot;&quot;,&quot;right&quot;:&quot;&quot;,&quot;bottom&quot;:&quot;&quot;,&quot;left&quot;:&quot;&quot;,&quot;isLinked&quot;:true},&quot;wpf_input_padding_mobile&quot;:{&quot;unit&quot;:&quot;px&quot;,&quot;top&quot;:&quot;&quot;,&quot;right&quot;:&quot;&quot;,&quot;bottom&quot;:&quot;&quot;,&quot;left&quot;:&quot;&quot;,&quot;isLinked&quot;:true},&quot;wpf_border_bottom&quot;:{&quot;unit&quot;:&quot;px&quot;,&quot;size&quot;:&quot;2&quot;,&quot;sizes&quot;:[]},&quot;wpf_border_bottom_laptop&quot;:{&quot;unit&quot;:&quot;px&quot;,&quot;size&quot;:&quot;&quot;,&quot;sizes&quot;:[]},&quot;wpf_border_bottom_tablet_extra&quot;:{&quot;unit&quot;:&quot;px&quot;,&quot;size&quot;:&quot;&quot;,&quot;sizes&quot;:[]},&quot;wpf_border_bottom_tablet&quot;:{&quot;unit&quot;:&quot;px&quot;,&quot;size&quot;:&quot;&quot;,&quot;sizes&quot;:[]},&quot;wpf_border_bottom_mobile_extra&quot;:{&quot;unit&quot;:&quot;px&quot;,&quot;size&quot;:&quot;&quot;,&quot;sizes&quot;:[]},&quot;wpf_border_bottom_mobile&quot;:{&quot;unit&quot;:&quot;px&quot;,&quot;size&quot;:&quot;&quot;,&quot;sizes&quot;:[]},&quot;wpf_input_radius&quot;:{&quot;unit&quot;:&quot;px&quot;,&quot;top&quot;:&quot;0&quot;,&quot;right&quot;:&quot;0&quot;,&quot;bottom&quot;:&quot;0&quot;,&quot;left&quot;:&quot;0&quot;,&quot;isLinked&quot;:true},&quot;wpf_input_radius_laptop&quot;:{&quot;unit&quot;:&quot;px&quot;,&quot;top&quot;:&quot;&quot;,&quot;right&quot;:&quot;&quot;,&quot;bottom&quot;:&quot;&quot;,&quot;left&quot;:&quot;&quot;,&quot;isLinked&quot;:true},&quot;wpf_input_radius_tablet_extra&quot;:{&quot;unit&quot;:&quot;px&quot;,&quot;top&quot;:&quot;&quot;,&quot;right&quot;:&quot;&quot;,&quot;bottom&quot;:&quot;&quot;,&quot;left&quot;:&quot;&quot;,&quot;isLinked&quot;:true},&quot;wpf_input_radius_tablet&quot;:{&quot;unit&quot;:&quot;px&quot;,&quot;top&quot;:&quot;&quot;,&quot;right&quot;:&quot;&quot;,&quot;bottom&quot;:&quot;&quot;,&quot;left&quot;:&quot;&quot;,&quot;isLinked&quot;:true},&quot;wpf_input_radius_mobile_extra&quot;:{&quot;unit&quot;:&quot;px&quot;,&quot;top&quot;:&quot;&quot;,&quot;right&quot;:&quot;&quot;,&quot;bottom&quot;:&quot;&quot;,&quot;left&quot;:&quot;&quot;,&quot;isLinked&quot;:true},&quot;wpf_input_radius_mobile&quot;:{&quot;unit&quot;:&quot;px&quot;,&quot;top&quot;:&quot;&quot;,&quot;right&quot;:&quot;&quot;,&quot;bottom&quot;:&quot;&quot;,&quot;left&quot;:&quot;&quot;,&quot;isLinked&quot;:true},&quot;wpf_button_align&quot;:&quot;left&quot;,&quot;wpf_button_padding_laptop&quot;:{&quot;unit&quot;:&quot;px&quot;,&quot;top&quot;:&quot;&quot;,&quot;right&quot;:&quot;&quot;,&quot;bottom&quot;:&quot;&quot;,&quot;left&quot;:&quot;&quot;,&quot;isLinked&quot;:true},&quot;wpf_button_padding_tablet_extra&quot;:{&quot;unit&quot;:&quot;px&quot;,&quot;top&quot;:&quot;&quot;,&quot;right&quot;:&quot;&quot;,&quot;bottom&quot;:&quot;&quot;,&quot;left&quot;:&quot;&quot;,&quot;isLinked&quot;:true},&quot;wpf_button_padding_tablet&quot;:{&quot;unit&quot;:&quot;px&quot;,&quot;top&quot;:&quot;&quot;,&quot;right&quot;:&quot;&quot;,&quot;bottom&quot;:&quot;&quot;,&quot;left&quot;:&quot;&quot;,&quot;isLinked&quot;:true},&quot;wpf_button_padding_mobile_extra&quot;:{&quot;unit&quot;:&quot;px&quot;,&quot;top&quot;:&quot;&quot;,&quot;right&quot;:&quot;&quot;,&quot;bottom&quot;:&quot;&quot;,&quot;left&quot;:&quot;&quot;,&quot;isLinked&quot;:true},&quot;wpf_button_padding_mobile&quot;:{&quot;unit&quot;:&quot;px&quot;,&quot;top&quot;:&quot;&quot;,&quot;right&quot;:&quot;&quot;,&quot;bottom&quot;:&quot;&quot;,&quot;left&quot;:&quot;&quot;,&quot;isLinked&quot;:true},&quot;btn_border_radius&quot;:{&quot;unit&quot;:&quot;px&quot;,&quot;top&quot;:&quot;&quot;,&quot;right&quot;:&quot;&quot;,&quot;bottom&quot;:&quot;&quot;,&quot;left&quot;:&quot;&quot;,&quot;isLinked&quot;:true},&quot;btn_border_radius_laptop&quot;:{&quot;unit&quot;:&quot;px&quot;,&quot;top&quot;:&quot;&quot;,&quot;right&quot;:&quot;&quot;,&quot;bottom&quot;:&quot;&quot;,&quot;left&quot;:&quot;&quot;,&quot;isLinked&quot;:true},&quot;btn_border_radius_tablet_extra&quot;:{&quot;unit&quot;:&quot;px&quot;,&quot;top&quot;:&quot;&quot;,&quot;right&quot;:&quot;&quot;,&quot;bottom&quot;:&quot;&quot;,&quot;left&quot;:&quot;&quot;,&quot;isLinked&quot;:true},&quot;btn_border_radius_tablet&quot;:{&quot;unit&quot;:&quot;px&quot;,&quot;top&quot;:&quot;&quot;,&quot;right&quot;:&quot;&quot;,&quot;bottom&quot;:&quot;&quot;,&quot;left&quot;:&quot;&quot;,&quot;isLinked&quot;:true},&quot;btn_border_radius_mobile_extra&quot;:{&quot;unit&quot;:&quot;px&quot;,&quot;top&quot;:&quot;&quot;,&quot;right&quot;:&quot;&quot;,&quot;bottom&quot;:&quot;&quot;,&quot;left&quot;:&quot;&quot;,&quot;isLinked&quot;:true},&quot;btn_border_radius_mobile&quot;:{&quot;unit&quot;:&quot;px&quot;,&quot;top&quot;:&quot;&quot;,&quot;right&quot;:&quot;&quot;,&quot;bottom&quot;:&quot;&quot;,&quot;left&quot;:&quot;&quot;,&quot;isLinked&quot;:true},&quot;form_fields_margin&quot;:{&quot;unit&quot;:&quot;px&quot;,&quot;size&quot;:&quot;&quot;,&quot;sizes&quot;:[]},&quot;form_fields_margin_laptop&quot;:{&quot;unit&quot;:&quot;px&quot;,&quot;size&quot;:&quot;&quot;,&quot;sizes&quot;:[]},&quot;form_fields_margin_tablet_extra&quot;:{&quot;unit&quot;:&quot;px&quot;,&quot;size&quot;:&quot;&quot;,&quot;sizes&quot;:[]},&quot;form_fields_margin_tablet&quot;:{&quot;unit&quot;:&quot;px&quot;,&quot;size&quot;:&quot;&quot;,&quot;sizes&quot;:[]},&quot;form_fields_margin_mobile_extra&quot;:{&quot;unit&quot;:&quot;px&quot;,&quot;size&quot;:&quot;&quot;,&quot;sizes&quot;:[]},&quot;form_fields_margin_mobile&quot;:{&quot;unit&quot;:&quot;px&quot;,&quot;size&quot;:&quot;&quot;,&quot;sizes&quot;:[]},&quot;form_label_margin_bottom&quot;:{&quot;unit&quot;:&quot;px&quot;,&quot;size&quot;:&quot;&quot;,&quot;sizes&quot;:[]},&quot;form_label_margin_bottom_laptop&quot;:{&quot;unit&quot;:&quot;px&quot;,&quot;size&quot;:&quot;&quot;,&quot;sizes&quot;:[]},&quot;form_label_margin_bottom_tablet_extra&quot;:{&quot;unit&quot;:&quot;px&quot;,&quot;size&quot;:&quot;&quot;,&quot;sizes&quot;:[]},&quot;form_label_margin_bottom_tablet&quot;:{&quot;unit&quot;:&quot;px&quot;,&quot;size&quot;:&quot;&quot;,&quot;sizes&quot;:[]},&quot;form_label_margin_bottom_mobile_extra&quot;:{&quot;unit&quot;:&quot;px&quot;,&quot;size&quot;:&quot;&quot;,&quot;sizes&quot;:[]},&quot;form_label_margin_bottom_mobile&quot;:{&quot;unit&quot;:&quot;px&quot;,&quot;size&quot;:&quot;&quot;,&quot;sizes&quot;:[]},&quot;form_desc_margin_top&quot;:{&quot;unit&quot;:&quot;px&quot;,&quot;size&quot;:&quot;&quot;,&quot;sizes&quot;:[]},&quot;form_desc_margin_top_laptop&quot;:{&quot;unit&quot;:&quot;px&quot;,&quot;size&quot;:&quot;&quot;,&quot;sizes&quot;:[]},&quot;form_desc_margin_top_tablet_extra&quot;:{&quot;unit&quot;:&quot;px&quot;,&quot;size&quot;:&quot;&quot;,&quot;sizes&quot;:[]},&quot;form_desc_margin_top_tablet&quot;:{&quot;unit&quot;:&quot;px&quot;,&quot;size&quot;:&quot;&quot;,&quot;sizes&quot;:[]},&quot;form_desc_margin_top_mobile_extra&quot;:{&quot;unit&quot;:&quot;px&quot;,&quot;size&quot;:&quot;&quot;,&quot;sizes&quot;:[]},&quot;form_desc_margin_top_mobile&quot;:{&quot;unit&quot;:&quot;px&quot;,&quot;size&quot;:&quot;&quot;,&quot;sizes&quot;:[]},&quot;check_radio_items_spacing&quot;:{&quot;unit&quot;:&quot;px&quot;,&quot;size&quot;:&quot;&quot;,&quot;sizes&quot;:[]},&quot;check_radio_items_spacing_laptop&quot;:{&quot;unit&quot;:&quot;px&quot;,&quot;size&quot;:&quot;&quot;,&quot;sizes&quot;:[]},&quot;check_radio_items_spacing_tablet_extra&quot;:{&quot;unit&quot;:&quot;px&quot;,&quot;size&quot;:&quot;&quot;,&quot;sizes&quot;:[]},&quot;check_radio_items_spacing_tablet&quot;:{&quot;unit&quot;:&quot;px&quot;,&quot;size&quot;:&quot;&quot;,&quot;sizes&quot;:[]},&quot;check_radio_items_spacing_mobile_extra&quot;:{&quot;unit&quot;:&quot;px&quot;,&quot;size&quot;:&quot;&quot;,&quot;sizes&quot;:[]},&quot;check_radio_items_spacing_mobile&quot;:{&quot;unit&quot;:&quot;px&quot;,&quot;size&quot;:&quot;&quot;,&quot;sizes&quot;:[]},&quot;submit_spacing&quot;:{&quot;unit&quot;:&quot;px&quot;,&quot;size&quot;:&quot;&quot;,&quot;sizes&quot;:[]},&quot;submit_spacing_laptop&quot;:{&quot;unit&quot;:&quot;px&quot;,&quot;size&quot;:&quot;&quot;,&quot;sizes&quot;:[]},&quot;submit_spacing_tablet_extra&quot;:{&quot;unit&quot;:&quot;px&quot;,&quot;size&quot;:&quot;&quot;,&quot;sizes&quot;:[]},&quot;submit_spacing_tablet&quot;:{&quot;unit&quot;:&quot;px&quot;,&quot;size&quot;:&quot;&quot;,&quot;sizes&quot;:[]},&quot;submit_spacing_mobile_extra&quot;:{&quot;unit&quot;:&quot;px&quot;,&quot;size&quot;:&quot;&quot;,&quot;sizes&quot;:[]},&quot;submit_spacing_mobile&quot;:{&quot;unit&quot;:&quot;px&quot;,&quot;size&quot;:&quot;&quot;,&quot;sizes&quot;:[]}}\" data-widget_type=\"uael-wpf-styler.default\">\n\t\t\t\t<div class=\"elementor-widget-container\">\n\t\t\t\t\t\t\t<div class = \"uael-wpf-container\">\n\t\t\t\t\t\t<div class = \"uael-wpf uael-wpf-style elementor-clickable\">\n\t\t\t\t\t\t<div class=\"wpforms-container wpforms-container-full\" id=\"wpforms-316\"><form id=\"wpforms-form-316\" class=\"wpforms-validate wpforms-form wpforms-ajax-form\" data-formid=\"316\" method=\"post\" enctype=\"multipart\/form-data\" action=\"\/en\/wp-json\/wp\/v2\/pages\/464\" data-token=\"3bb348b3dcc77c4a5723f32bc463175e\"><noscript class=\"wpforms-error-noscript\">Please enable JavaScript in your browser to complete this form.<\/noscript><div class=\"wpforms-field-container\"><div id=\"wpforms-316-field_1-container\" class=\"wpforms-field wpforms-field-text\" data-field-id=\"1\"><label class=\"wpforms-field-label\" for=\"wpforms-316-field_1\">Name <span class=\"wpforms-required-label\">*<\/span><\/label><input type=\"text\" id=\"wpforms-316-field_1\" class=\"wpforms-field-large wpforms-field-required\" name=\"wpforms[fields][1]\" required><\/div><div id=\"wpforms-316-field_22-container\" class=\"wpforms-field wpforms-field-email\" data-field-id=\"22\"><label class=\"wpforms-field-label\" for=\"wpforms-316-field_22\">E-Mail <span class=\"wpforms-required-label\">*<\/span><\/label><input type=\"email\" id=\"wpforms-316-field_22\" class=\"wpforms-field-large wpforms-field-required\" name=\"wpforms[fields][22]\" required><\/div><div id=\"wpforms-316-field_3-container\" class=\"wpforms-field wpforms-field-select wpforms-field-select-style-classic\" data-field-id=\"3\"><label class=\"wpforms-field-label\" for=\"wpforms-316-field_3\">Apartment <span class=\"wpforms-required-label\">*<\/span><\/label><select id=\"wpforms-316-field_3\" class=\"wpforms-field-large wpforms-field-required\" name=\"wpforms[fields][3]\" required=\"required\"><option value=\"\" class=\"placeholder\" disabled  selected='selected'>Bitte ausw\u00e4hlen<\/option><option value=\"Harmonie\" >Harmonie<\/option><option value=\"Sonnegru\u00df\" >Sonnegru\u00df<\/option><option value=\"Bergkristall\" >Bergkristall<\/option><option value=\"Lebensbaum\" >Lebensbaum<\/option><option value=\"Kraftquelle\" >Kraftquelle<\/option><option value=\"Granat\" >Granat<\/option><option value=\"Panorama\" >Panorama<\/option><\/select><\/div><div id=\"wpforms-316-field_7-container\" class=\"wpforms-field wpforms-field-html\" data-field-id=\"7\"><div id=\"wpforms-316-field_7\"><h3>Brotsorten<\/h3>\r\n\r\nBitte gew\u00fcnschte Br\u00f6tchen ausw\u00e4hlen.<\/div><\/div><div id=\"wpforms-316-field_8-container\" class=\"wpforms-field wpforms-field-checkbox wpforms-conditional-trigger\" data-field-id=\"8\"><ul id=\"wpforms-316-field_8\"><li class=\"choice-1 depth-1\"><input type=\"checkbox\" id=\"wpforms-316-field_8_1\" name=\"wpforms[fields][8][]\" value=\"Semmel - \u20ac 0,60\/Stk.\"  ><label class=\"wpforms-field-label-inline\" for=\"wpforms-316-field_8_1\">Semmel - \u20ac 0,60\/Stk.<\/label><\/li><li class=\"choice-2 depth-1\"><input type=\"checkbox\" id=\"wpforms-316-field_8_2\" name=\"wpforms[fields][8][]\" value=\"Kornsemmel - \u20ac 1,40\/Stk.\"  ><label class=\"wpforms-field-label-inline\" for=\"wpforms-316-field_8_2\">Kornsemmel - \u20ac 1,40\/Stk.<\/label><\/li><li class=\"choice-3 depth-1\"><input type=\"checkbox\" id=\"wpforms-316-field_8_3\" name=\"wpforms[fields][8][]\" value=\"Laugenstangerl - \u20ac 1,70\/Stk.\"  ><label class=\"wpforms-field-label-inline\" for=\"wpforms-316-field_8_3\">Laugenstangerl - \u20ac 1,70\/Stk.<\/label><\/li><li class=\"choice-4 depth-1\"><input type=\"checkbox\" id=\"wpforms-316-field_8_4\" name=\"wpforms[fields][8][]\" value=\"Weltmeisterbr\u00f6tchen - \u20ac 1,40\/Stk.\"  ><label class=\"wpforms-field-label-inline\" for=\"wpforms-316-field_8_4\">Weltmeisterbr\u00f6tchen - \u20ac 1,40\/Stk.<\/label><\/li><li class=\"choice-5 depth-1\"><input type=\"checkbox\" id=\"wpforms-316-field_8_5\" name=\"wpforms[fields][8][]\" value=\"Wachauer - \u20ac 1,40\/Stk.\"  ><label class=\"wpforms-field-label-inline\" for=\"wpforms-316-field_8_5\">Wachauer - \u20ac 1,40\/Stk.<\/label><\/li><li class=\"choice-6 depth-1\"><input type=\"checkbox\" id=\"wpforms-316-field_8_6\" name=\"wpforms[fields][8][]\" value=\"Crossaint - \u20ac 2,30\/Stk.\"  ><label class=\"wpforms-field-label-inline\" for=\"wpforms-316-field_8_6\">Crossaint - \u20ac 2,30\/Stk.<\/label><\/li><li class=\"choice-7 depth-1\"><input type=\"checkbox\" id=\"wpforms-316-field_8_7\" name=\"wpforms[fields][8][]\" value=\"Zeile - \u20ac 2,80\/5 Mugln\"  ><label class=\"wpforms-field-label-inline\" for=\"wpforms-316-field_8_7\">Zeile - \u20ac 2,80\/5 Mugln<\/label><\/li><li class=\"choice-8 depth-1\"><input type=\"checkbox\" id=\"wpforms-316-field_8_8\" name=\"wpforms[fields][8][]\" value=\"Wecken - \u20ac 4,50\/Laib\"  ><label class=\"wpforms-field-label-inline\" for=\"wpforms-316-field_8_8\">Wecken - \u20ac 4,50\/Laib<\/label><\/li><li class=\"choice-9 depth-1\"><input type=\"checkbox\" id=\"wpforms-316-field_8_9\" name=\"wpforms[fields][8][]\" value=\"Joghurtriegel - \u20ac 1,40\"  ><label class=\"wpforms-field-label-inline\" for=\"wpforms-316-field_8_9\">Joghurtriegel - \u20ac 1,40<\/label><\/li><li class=\"choice-10 depth-1\"><input type=\"checkbox\" id=\"wpforms-316-field_8_10\" name=\"wpforms[fields][8][]\" value=\"Sonnenblumenbrot - \u20ac 4,40\/Laib\"  ><label class=\"wpforms-field-label-inline\" for=\"wpforms-316-field_8_10\">Sonnenblumenbrot - \u20ac 4,40\/Laib<\/label><\/li><\/ul><\/div><div id=\"wpforms-316-field_9-container\" class=\"wpforms-field wpforms-field-number wpforms-conditional-field wpforms-conditional-show\" data-field-id=\"9\" style=\"display:none;\"><label class=\"wpforms-field-label\" for=\"wpforms-316-field_9\">Anzahl Semmel<\/label><input type=\"number\" pattern=\"\\d*\" id=\"wpforms-316-field_9\" class=\"wpforms-field-small\" name=\"wpforms[fields][9]\" ><\/div><div id=\"wpforms-316-field_11-container\" class=\"wpforms-field wpforms-field-number wpforms-conditional-field wpforms-conditional-show\" data-field-id=\"11\" style=\"display:none;\"><label class=\"wpforms-field-label\" for=\"wpforms-316-field_11\">Anzahl Kornsemmel<\/label><input type=\"number\" pattern=\"\\d*\" id=\"wpforms-316-field_11\" class=\"wpforms-field-small\" name=\"wpforms[fields][11]\" ><\/div><div id=\"wpforms-316-field_12-container\" class=\"wpforms-field wpforms-field-number wpforms-conditional-field wpforms-conditional-show\" data-field-id=\"12\" style=\"display:none;\"><label class=\"wpforms-field-label\" for=\"wpforms-316-field_12\">Anzahl Laugenstangerl<\/label><input type=\"number\" pattern=\"\\d*\" id=\"wpforms-316-field_12\" class=\"wpforms-field-small\" name=\"wpforms[fields][12]\" ><\/div><div id=\"wpforms-316-field_13-container\" class=\"wpforms-field wpforms-field-number wpforms-conditional-field wpforms-conditional-show\" data-field-id=\"13\" style=\"display:none;\"><label class=\"wpforms-field-label\" for=\"wpforms-316-field_13\">Anzahl Weltmeisterbr\u00f6tchen<\/label><input type=\"number\" pattern=\"\\d*\" id=\"wpforms-316-field_13\" class=\"wpforms-field-small\" name=\"wpforms[fields][13]\" ><\/div><div id=\"wpforms-316-field_14-container\" class=\"wpforms-field wpforms-field-number wpforms-conditional-field wpforms-conditional-show\" data-field-id=\"14\" style=\"display:none;\"><label class=\"wpforms-field-label\" for=\"wpforms-316-field_14\">Anzahl Wachauer<\/label><input type=\"number\" pattern=\"\\d*\" id=\"wpforms-316-field_14\" class=\"wpforms-field-small\" name=\"wpforms[fields][14]\" ><\/div><div id=\"wpforms-316-field_15-container\" class=\"wpforms-field wpforms-field-number wpforms-conditional-field wpforms-conditional-show\" data-field-id=\"15\" style=\"display:none;\"><label class=\"wpforms-field-label\" for=\"wpforms-316-field_15\">Anzahl Crossaint<\/label><input type=\"number\" pattern=\"\\d*\" id=\"wpforms-316-field_15\" class=\"wpforms-field-small\" name=\"wpforms[fields][15]\" ><\/div><div id=\"wpforms-316-field_16-container\" class=\"wpforms-field wpforms-field-number wpforms-conditional-field wpforms-conditional-show\" data-field-id=\"16\" style=\"display:none;\"><label class=\"wpforms-field-label\" for=\"wpforms-316-field_16\">Anzahl Zeile<\/label><input type=\"number\" pattern=\"\\d*\" id=\"wpforms-316-field_16\" class=\"wpforms-field-small\" name=\"wpforms[fields][16]\" ><\/div><div id=\"wpforms-316-field_17-container\" class=\"wpforms-field wpforms-field-number wpforms-conditional-field wpforms-conditional-show\" data-field-id=\"17\" style=\"display:none;\"><label class=\"wpforms-field-label\" for=\"wpforms-316-field_17\">Anzahl Wecken<\/label><input type=\"number\" pattern=\"\\d*\" id=\"wpforms-316-field_17\" class=\"wpforms-field-small\" name=\"wpforms[fields][17]\" ><\/div><div id=\"wpforms-316-field_18-container\" class=\"wpforms-field wpforms-field-number wpforms-conditional-field wpforms-conditional-show\" data-field-id=\"18\" style=\"display:none;\"><label class=\"wpforms-field-label\" for=\"wpforms-316-field_18\">Anzahl Joghurtriegel<\/label><input type=\"number\" pattern=\"\\d*\" id=\"wpforms-316-field_18\" class=\"wpforms-field-small\" name=\"wpforms[fields][18]\" ><\/div><div id=\"wpforms-316-field_19-container\" class=\"wpforms-field wpforms-field-number wpforms-conditional-field wpforms-conditional-show\" data-field-id=\"19\" style=\"display:none;\"><label class=\"wpforms-field-label\" for=\"wpforms-316-field_19\">Anzahl Sonnenblumenbrot<\/label><input type=\"number\" pattern=\"\\d*\" id=\"wpforms-316-field_19\" class=\"wpforms-field-small\" name=\"wpforms[fields][19]\" ><\/div><\/div><div class=\"wpforms-submit-container\"><input type=\"hidden\" name=\"wpforms[id]\" value=\"316\"><input type=\"hidden\" name=\"wpforms[author]\" value=\"1\"><button type=\"submit\" name=\"wpforms[submit]\" id=\"wpforms-submit-316\" class=\"wpforms-submit\" data-alt-text=\"Senden...\" data-submit-text=\"Bestellen\" aria-live=\"assertive\" value=\"wpforms-submit\">Bestellen<\/button><img loading=\"lazy\" decoding=\"async\" src=\"https:\/\/guestapp.apartments-hinundweg.at\/wp-content\/plugins\/wpforms\/assets\/images\/submit-spin.svg\" class=\"wpforms-submit-spinner\" style=\"display: none;\" width=\"26\" height=\"26\" alt=\"Loading\"><\/div><\/form><\/div>  <!-- .wpforms-container -->\t\t\t\t\t<\/div>\n\t\t\t\t<\/div>\n\t\t\t\t\t\t<\/div>\n\t\t\t\t<\/div>\n\t\t\t\t\t<\/div>\n\t\t\t\t<\/div>\n\t\t\t\t\t\t\t<\/div>\n\t\t","protected":false},"excerpt":{"rendered":"<p>Bread service We are happy to offer our guests a bread roll service. The order must reach us the day before by 16:00 at the latest. Simply fill out the form or send us a short e-mail to hallo@apartments-hinundweg.at Here you can find the whole bread list with allergens: Download breadlist Bitte aktiviere JavaScript in [&hellip;]<\/p>\n","protected":false},"author":1,"featured_media":0,"parent":0,"menu_order":5,"comment_status":"closed","ping_status":"closed","template":"","meta":{"footnotes":""},"class_list":["post-464","page","type-page","status-publish","hentry"],"_links":{"self":[{"href":"https:\/\/guestapp.apartments-hinundweg.at\/en\/wp-json\/wp\/v2\/pages\/464","targetHints":{"allow":["GET"]}}],"collection":[{"href":"https:\/\/guestapp.apartments-hinundweg.at\/en\/wp-json\/wp\/v2\/pages"}],"about":[{"href":"https:\/\/guestapp.apartments-hinundweg.at\/en\/wp-json\/wp\/v2\/types\/page"}],"author":[{"embeddable":true,"href":"https:\/\/guestapp.apartments-hinundweg.at\/en\/wp-json\/wp\/v2\/users\/1"}],"replies":[{"embeddable":true,"href":"https:\/\/guestapp.apartments-hinundweg.at\/en\/wp-json\/wp\/v2\/comments?post=464"}],"version-history":[{"count":7,"href":"https:\/\/guestapp.apartments-hinundweg.at\/en\/wp-json\/wp\/v2\/pages\/464\/revisions"}],"predecessor-version":[{"id":704,"href":"https:\/\/guestapp.apartments-hinundweg.at\/en\/wp-json\/wp\/v2\/pages\/464\/revisions\/704"}],"wp:attachment":[{"href":"https:\/\/guestapp.apartments-hinundweg.at\/en\/wp-json\/wp\/v2\/media?parent=464"}],"curies":[{"name":"wp","href":"https:\/\/api.w.org\/{rel}","templated":true}]}}